{"id":72423,"date":"2023-06-22T10:48:04","date_gmt":"2023-06-22T08:48:04","guid":{"rendered":"https:\/\/buetikofer-sanitaer.mls-test.ch\/?page_id=72423"},"modified":"2023-06-22T10:49:30","modified_gmt":"2023-06-22T08:49:30","slug":"mentions-legales","status":"publish","type":"page","link":"https:\/\/buetikofer-sanitaer.ch\/fr\/mentions-legales\/","title":{"rendered":"Mentions l\u00e9gales"},"content":{"rendered":"<p>[et_pb_section fb_built=\u00a0\u00bb1&Prime; custom_padding_last_edited=\u00a0\u00bbon|phone\u00a0\u00bb disabled_on=\u00a0\u00bboff|off|off\u00a0\u00bb admin_label=\u00a0\u00bbDiscover Header Module &#8211; Pegasus\u00a0\u00bb module_class=\u00a0\u00bbpegasus_header_4 pegasus_creative_header_4&Prime; _builder_version=\u00a0\u00bb4.14.7&Prime; use_background_color_gradient=\u00a0\u00bbon\u00a0\u00bb background_color_gradient_start=\u00a0\u00bb#ffffff\u00a0\u00bb background_color_gradient_end=\u00a0\u00bbrgba(255,255,255,0)\u00a0\u00bb background_color_gradient_type=\u00a0\u00bbradial\u00a0\u00bb background_color_gradient_start_position=\u00a0\u00bb42%\u00a0\u00bb background_color_gradient_end_position=\u00a0\u00bb86%\u00a0\u00bb background_color_gradient_overlays_image=\u00a0\u00bbon\u00a0\u00bb background_enable_image=\u00a0\u00bboff\u00a0\u00bb custom_margin=\u00a0\u00bb||||false|false\u00a0\u00bb custom_padding=\u00a0\u00bb150px|0px|50px|0px|false|false\u00a0\u00bb custom_padding_tablet=\u00a0\u00bb100px|0px|50px|0px|false|false\u00a0\u00bb custom_padding_phone=\u00a0\u00bb60px||50px||false|false\u00a0\u00bb top_divider_style=\u00a0\u00bbarrow3&Prime; top_divider_color=\u00a0\u00bbgcid-a2b9cbbb-7cd4-4d47-b654-4f6e8647a19a\u00a0\u00bb z_index_tablet=\u00a0\u00bb500&Prime; box_shadow_horizontal_tablet=\u00a0\u00bb0px\u00a0\u00bb box_shadow_vertical_tablet=\u00a0\u00bb0px\u00a0\u00bb box_shadow_blur_tablet=\u00a0\u00bb40px\u00a0\u00bb box_shadow_spread_tablet=\u00a0\u00bb0px\u00a0\u00bb collapsed=\u00a0\u00bboff\u00a0\u00bb global_colors_info=\u00a0\u00bb{%22gcid-a2b9cbbb-7cd4-4d47-b654-4f6e8647a19a%22:%91%22top_divider_color%22%93}\u00a0\u00bb][et_pb_row custom_padding_last_edited=\u00a0\u00bbon|tablet\u00a0\u00bb admin_label=\u00a0\u00bbCreative Page Layout\u00a0\u00bb _builder_version=\u00a0\u00bb4.14.7&Prime; background_size=\u00a0\u00bbinitial\u00a0\u00bb background_position=\u00a0\u00bbtop_left\u00a0\u00bb background_repeat=\u00a0\u00bbrepeat\u00a0\u00bb width_tablet=\u00a0\u00bb\u00a0\u00bb width_phone=\u00a0\u00bb85%\u00a0\u00bb width_last_edited=\u00a0\u00bbon|phone\u00a0\u00bb max_width=\u00a0\u00bbnone\u00a0\u00bb custom_margin=\u00a0\u00bb||40px||false|false\u00a0\u00bb custom_margin_tablet=\u00a0\u00bb||40px||false|false\u00a0\u00bb custom_margin_phone=\u00a0\u00bb||30px||false|false\u00a0\u00bb custom_margin_last_edited=\u00a0\u00bbon|desktop\u00a0\u00bb custom_padding=\u00a0\u00bb0px||10px|||\u00a0\u00bb custom_padding_tablet=\u00a0\u00bb||0px|\u00a0\u00bb custom_padding_phone=\u00a0\u00bb||0px|\u00a0\u00bb use_custom_width=\u00a0\u00bbon\u00a0\u00bb custom_width_px=\u00a0\u00bb1170px\u00a0\u00bb collapsed=\u00a0\u00bboff\u00a0\u00bb global_colors_info=\u00a0\u00bb{}\u00a0\u00bb][et_pb_column type=\u00a0\u00bb4_4&Prime; _builder_version=\u00a0\u00bb4.16&Prime; custom_padding=\u00a0\u00bb|||\u00a0\u00bb custom_css_main_element=\u00a0\u00bb margin-bottom: 0 !important;\u00a0\u00bb global_colors_info=\u00a0\u00bb{}\u00a0\u00bb custom_padding__hover=\u00a0\u00bb|||\u00a0\u00bb][et_pb_text _builder_version=\u00a0\u00bb4.14.7&Prime; _module_preset=\u00a0\u00bbdefault\u00a0\u00bb header_3_font=\u00a0\u00bb|700||on|||||\u00a0\u00bb header_3_text_color=\u00a0\u00bb#174e9d\u00a0\u00bb width=\u00a0\u00bb100%\u00a0\u00bb custom_margin=\u00a0\u00bb||10px||false|false\u00a0\u00bb hover_enabled=\u00a0\u00bb0&Prime; global_colors_info=\u00a0\u00bb{}\u00a0\u00bb sticky_enabled=\u00a0\u00bb0&Prime;]<\/p>\n<h3 class=\"et_pb_module_header\">Contact<\/h3>\n<p>B\u00fctikofer Geb\u00e4udetechnik SA<br \/>Rue des Tanneurs 18<br \/>CH-2502 Biel\/Bienne<\/p>\n<p>T\u00e9l\u00e9phone: 032 323 54 55<br \/>Courriel: info@buetikofer-sanitaer.ch<\/p>\n<p>&nbsp;<\/p>\n<h3 class=\"et_pb_module_header\">D\u00e9n\u00e9gation<\/h3>\n<p>Cette page d\u2019accueil contient des liens (liens) vers d\u2019autres pages Web. Le B\u00fctikofer Sanit\u00e4r SA n\u2019a aucune influence sur leur conception ou leur contenu et n\u2019assume donc aucune responsabilit\u00e9. En particulier, toute responsabilit\u00e9 \u00e0 l\u2019\u00e9gard du contenu est express\u00e9ment rejet\u00e9e, qu\u2019elle soit ill\u00e9gale, immorale ou m\u00eame non adapt\u00e9e \u00e0 l\u2019\u00e2ge. Le visiteur d\u2019un tel site Web, qui est li\u00e9 au site Web du B\u00fctikofer Sanit\u00e4r SA, est enti\u00e8rement responsable de sa visite.<\/p>\n<p>&nbsp;<\/p>\n<h3 class=\"et_pb_module_header\">Assurance<\/h3>\n<p>B\u00fctikofer Sanit\u00e4r SA prend toutes les mesures raisonnables pour assurer la fiabilit\u00e9 des informations pr\u00e9sent\u00e9es, mais ne fait aucune d\u00e9claration quant \u00e0 l\u2019exactitude, la fiabilit\u00e9 ou l\u2019exhaustivit\u00e9 des informations contenues sur le site. Le B\u00fctikofer Sanit\u00e4r SA se r\u00e9serve le droit d\u2019apporter des modifications \u00e0 ce site Web sans pr\u00e9avis.<\/p>\n<p>&nbsp;<\/p>\n<p>&nbsp;<\/p>\n<p>[\/et_pb_text][\/et_pb_column][\/et_pb_row][\/et_pb_section]<\/p>\n","protected":false},"excerpt":{"rendered":"<p>Contact B\u00fctikofer Geb\u00e4udetechnik SARue des Tanneurs 18CH-2502 Biel\/Bienne T\u00e9l\u00e9phone: 032 323 54 55Courriel: info@buetikofer-sanitaer.ch &nbsp; D\u00e9n\u00e9gation Cette page d\u2019accueil contient des liens (liens) vers d\u2019autres pages Web. Le B\u00fctikofer Sanit\u00e4r SA n\u2019a aucune influence sur leur conception ou leur contenu et n\u2019assume donc aucune responsabilit\u00e9. En particulier, toute responsabilit\u00e9 \u00e0 l\u2019\u00e9gard du contenu est express\u00e9ment rejet\u00e9e, qu\u2019elle soit ill\u00e9gale, immorale ou m\u00eame non adapt\u00e9e \u00e0 l\u2019\u00e2ge. Le visiteur d\u2019un tel site Web, qui est li\u00e9 au site Web du B\u00fctikofer Sanit\u00e4r SA, est enti\u00e8rement responsable de sa visite. &nbsp; Assurance B\u00fctikofer Sanit\u00e4r SA prend toutes les mesures raisonnables pour assurer la fiabilit\u00e9 des informations pr\u00e9sent\u00e9es, mais ne fait aucune d\u00e9claration quant \u00e0 l\u2019exactitude, la fiabilit\u00e9 ou l\u2019exhaustivit\u00e9 des informations contenues sur le site. Le B\u00fctikofer Sanit\u00e4r SA se r\u00e9serve le droit d\u2019apporter des modifications \u00e0 ce site Web sans pr\u00e9avis. &nbsp; &nbsp;<\/p>\n","protected":false},"author":1,"featured_media":0,"parent":0,"menu_order":101,"comment_status":"closed","ping_status":"closed","template":"","meta":{"_et_pb_use_builder":"on","_et_pb_old_content":"<p>[et_pb_section fb_built=\"1\" custom_padding_last_edited=\"on|phone\" disabled_on=\"off|off|off\" admin_label=\"Discover Header Module - Pegasus\" module_class=\"pegasus_header_4 pegasus_creative_header_4\" _builder_version=\"4.14.7\" use_background_color_gradient=\"on\" background_color_gradient_start=\"#ffffff\" background_color_gradient_end=\"rgba(255,255,255,0)\" background_color_gradient_type=\"radial\" background_color_gradient_start_position=\"42%\" background_color_gradient_end_position=\"86%\" background_color_gradient_overlays_image=\"on\" background_enable_image=\"off\" custom_margin=\"||||false|false\" custom_padding=\"150px|0px|50px|0px|false|false\" custom_padding_tablet=\"100px|0px|50px|0px|false|false\" custom_padding_phone=\"60px||50px||false|false\" top_divider_style=\"arrow3\" top_divider_color=\"gcid-a2b9cbbb-7cd4-4d47-b654-4f6e8647a19a\" z_index_tablet=\"500\" box_shadow_horizontal_tablet=\"0px\" box_shadow_vertical_tablet=\"0px\" box_shadow_blur_tablet=\"40px\" box_shadow_spread_tablet=\"0px\" collapsed=\"off\" global_colors_info=\"{%22gcid-a2b9cbbb-7cd4-4d47-b654-4f6e8647a19a%22:%91%22top_divider_color%22%93}\"][et_pb_row custom_padding_last_edited=\"on|tablet\" admin_label=\"Creative Page Layout\" _builder_version=\"4.14.7\" background_size=\"initial\" background_position=\"top_left\" background_repeat=\"repeat\" width_tablet=\"\" width_phone=\"85%\" width_last_edited=\"on|phone\" max_width=\"none\" custom_margin=\"||40px||false|false\" custom_margin_tablet=\"||40px||false|false\" custom_margin_phone=\"||30px||false|false\" custom_margin_last_edited=\"on|desktop\" custom_padding=\"0px||10px|||\" custom_padding_tablet=\"||0px|\" custom_padding_phone=\"||0px|\" use_custom_width=\"on\" custom_width_px=\"1170px\" collapsed=\"off\" global_colors_info=\"{}\"][et_pb_column type=\"4_4\" _builder_version=\"4.16\" custom_padding=\"|||\" custom_css_main_element=\" margin-bottom: 0 !important;\" global_colors_info=\"{}\" custom_padding__hover=\"|||\"][et_pb_text _builder_version=\"4.14.7\" _module_preset=\"default\" header_3_font=\"|700||on|||||\" header_3_text_color=\"#174e9d\" width=\"100%\" custom_margin=\"||10px||false|false\" hover_enabled=\"0\" global_colors_info=\"{}\" sticky_enabled=\"0\"]<\/p><h3 class=\"et_pb_module_header\">Kontaktadresse<\/h3><p>B\u00fctikofer Geb\u00e4udetechnik AG<br \/>Gerbergasse 18<br \/>CH-2502 Biel\/Bienne<\/p><p>Telefon: 032 323 54 55<br \/>E-Mail: <a href=\"mailto:info@buetikofer-sanitaer.ch\">info@buetikofer-sanitaer.ch<\/a><\/p><p>\u00a0<\/p><h3 class=\"et_pb_module_header\">Haftungsausschluss<\/h3><p>Der Autor \u00fcbernimmt keinerlei Gew\u00e4hr hinsichtlich der inhaltlichen Richtigkeit, Genauigkeit, Aktualit\u00e4t, Zuverl\u00e4ssigkeit und Vollst\u00e4ndigkeit der Informationen.<\/p><p>Haftungsanspr\u00fcche gegen den Autor wegen Sch\u00e4den materieller oder immaterieller Art, welche aus dem Zugriff oder der Nutzung bzw. Nichtnutzung der ver\u00f6ffentlichten Informationen, durch Missbrauch der Verbindung oder durch technische St\u00f6rungen entstanden sind, werden ausgeschlossen.<\/p><p>Alle Angebote sind unverbindlich. Der Autor beh\u00e4lt es sich ausdr\u00fccklich vor, Teile der Seiten oder das gesamte Angebot ohne gesonderte Ank\u00fcndigung zu ver\u00e4ndern, zu erg\u00e4nzen, zu l\u00f6schen oder die Ver\u00f6ffentlichung zeitweise oder endg\u00fcltig einzustellen.<\/p><p>\u00a0<\/p><h3 class=\"et_pb_module_header\">Haftung f\u00fcr Links<\/h3><p>Verweise und Links auf Webseiten Dritter liegen ausserhalb unseres Verantwortungsbereichs Es wird jegliche Verantwortung f\u00fcr solche Webseiten abgelehnt. Der Zugriff und die Nutzung solcher Webseiten erfolgen auf eigene Gefahr des Nutzers oder der Nutzerin.<\/p><p>\u00a0<\/p><h3 class=\"et_pb_module_header\">Urheberrechte<\/h3><p>Die Urheber- und alle anderen Rechte an Inhalten, Bildern, Fotos oder anderen Dateien auf der Website geh\u00f6ren ausschliesslich der Firma stadelmann malerei AG oder den speziell genannten Rechtsinhabern. F\u00fcr die Reproduktion jeglicher Elemente ist die schriftliche Zustimmung der Urheberrechtstr\u00e4ger im Voraus einzuholen.<\/p><p>[\/et_pb_text][\/et_pb_column][\/et_pb_row][\/et_pb_section]<\/p>","_et_gb_content_width":"","footnotes":""},"class_list":["post-72423","page","type-page","status-publish","hentry"],"yoast_head":"<!-- This site is optimized with the Yoast SEO plugin v27.0 - https:\/\/yoast.com\/product\/yoast-seo-wordpress\/ -->\n<title>Mentions l\u00e9gales - B\u00fctikofer Geb\u00e4udetechnik AG - Sanit\u00e4r - Heizung - Spenglerei<\/title>\n<meta name=\"robots\" content=\"index, follow, max-snippet:-1, max-image-preview:large, max-video-preview:-1\" \/>\n<link rel=\"canonical\" href=\"https:\/\/buetikofer-sanitaer.ch\/fr\/mentions-legales\/\" \/>\n<meta property=\"og:locale\" content=\"fr_FR\" \/>\n<meta property=\"og:type\" content=\"article\" \/>\n<meta property=\"og:title\" content=\"Mentions l\u00e9gales - B\u00fctikofer Geb\u00e4udetechnik AG - Sanit\u00e4r - Heizung - Spenglerei\" \/>\n<meta property=\"og:description\" content=\"Contact B\u00fctikofer Geb\u00e4udetechnik SARue des Tanneurs 18CH-2502 Biel\/Bienne T\u00e9l\u00e9phone: 032 323 54 55Courriel: info@buetikofer-sanitaer.ch &nbsp; D\u00e9n\u00e9gation Cette page d\u2019accueil contient des liens (liens) vers d\u2019autres pages Web. Le B\u00fctikofer Sanit\u00e4r SA n\u2019a aucune influence sur leur conception ou leur contenu et n\u2019assume donc aucune responsabilit\u00e9. En particulier, toute responsabilit\u00e9 \u00e0 l\u2019\u00e9gard du contenu est express\u00e9ment rejet\u00e9e, qu\u2019elle soit ill\u00e9gale, immorale ou m\u00eame non adapt\u00e9e \u00e0 l\u2019\u00e2ge. Le visiteur d\u2019un tel site Web, qui est li\u00e9 au site Web du B\u00fctikofer Sanit\u00e4r SA, est enti\u00e8rement responsable de sa visite. &nbsp; Assurance B\u00fctikofer Sanit\u00e4r SA prend toutes les mesures raisonnables pour assurer la fiabilit\u00e9 des informations pr\u00e9sent\u00e9es, mais ne fait aucune d\u00e9claration quant \u00e0 l\u2019exactitude, la fiabilit\u00e9 ou l\u2019exhaustivit\u00e9 des informations contenues sur le site. Le B\u00fctikofer Sanit\u00e4r SA se r\u00e9serve le droit d\u2019apporter des modifications \u00e0 ce site Web sans pr\u00e9avis. &nbsp; &nbsp;\" \/>\n<meta property=\"og:url\" content=\"https:\/\/buetikofer-sanitaer.ch\/fr\/mentions-legales\/\" \/>\n<meta property=\"og:site_name\" content=\"B\u00fctikofer Geb\u00e4udetechnik AG - Sanit\u00e4r - Heizung - Spenglerei\" \/>\n<meta property=\"article:modified_time\" content=\"2023-06-22T08:49:30+00:00\" \/>\n<meta name=\"twitter:card\" content=\"summary_large_image\" \/>\n<meta name=\"twitter:label1\" content=\"Dur\u00e9e de lecture estim\u00e9e\" \/>\n\t<meta name=\"twitter:data1\" content=\"2 minutes\" \/>\n<script type=\"application\/ld+json\" class=\"yoast-schema-graph\">{\"@context\":\"https:\/\/schema.org\",\"@graph\":[{\"@type\":\"WebPage\",\"@id\":\"https:\/\/buetikofer-sanitaer.ch\/fr\/mentions-legales\/\",\"url\":\"https:\/\/buetikofer-sanitaer.ch\/fr\/mentions-legales\/\",\"name\":\"Mentions l\u00e9gales - B\u00fctikofer Geb\u00e4udetechnik AG - Sanit\u00e4r - Heizung - Spenglerei\",\"isPartOf\":{\"@id\":\"https:\/\/buetikofer-sanitaer.ch\/#website\"},\"datePublished\":\"2023-06-22T08:48:04+00:00\",\"dateModified\":\"2023-06-22T08:49:30+00:00\",\"breadcrumb\":{\"@id\":\"https:\/\/buetikofer-sanitaer.ch\/fr\/mentions-legales\/#breadcrumb\"},\"inLanguage\":\"fr-FR\",\"potentialAction\":[{\"@type\":\"ReadAction\",\"target\":[\"https:\/\/buetikofer-sanitaer.ch\/fr\/mentions-legales\/\"]}]},{\"@type\":\"BreadcrumbList\",\"@id\":\"https:\/\/buetikofer-sanitaer.ch\/fr\/mentions-legales\/#breadcrumb\",\"itemListElement\":[{\"@type\":\"ListItem\",\"position\":1,\"name\":\"Startseite\",\"item\":\"https:\/\/buetikofer-sanitaer.ch\/fr\/\"},{\"@type\":\"ListItem\",\"position\":2,\"name\":\"Mentions l\u00e9gales\"}]},{\"@type\":\"WebSite\",\"@id\":\"https:\/\/buetikofer-sanitaer.ch\/#website\",\"url\":\"https:\/\/buetikofer-sanitaer.ch\/\",\"name\":\"B\u00fctikofer Geb\u00e4udetechnik AG - Sanit\u00e4r - Heizung - Spenglerei\",\"description\":\"Sanit\u00e4r &amp; Spenglerei\",\"potentialAction\":[{\"@type\":\"SearchAction\",\"target\":{\"@type\":\"EntryPoint\",\"urlTemplate\":\"https:\/\/buetikofer-sanitaer.ch\/?s={search_term_string}\"},\"query-input\":{\"@type\":\"PropertyValueSpecification\",\"valueRequired\":true,\"valueName\":\"search_term_string\"}}],\"inLanguage\":\"fr-FR\"}]}<\/script>\n<!-- \/ Yoast SEO plugin. -->","yoast_head_json":{"title":"Mentions l\u00e9gales - B\u00fctikofer Geb\u00e4udetechnik AG - Sanit\u00e4r - Heizung - Spenglerei","robots":{"index":"index","follow":"follow","max-snippet":"max-snippet:-1","max-image-preview":"max-image-preview:large","max-video-preview":"max-video-preview:-1"},"canonical":"https:\/\/buetikofer-sanitaer.ch\/fr\/mentions-legales\/","og_locale":"fr_FR","og_type":"article","og_title":"Mentions l\u00e9gales - B\u00fctikofer Geb\u00e4udetechnik AG - Sanit\u00e4r - Heizung - Spenglerei","og_description":"Contact B\u00fctikofer Geb\u00e4udetechnik SARue des Tanneurs 18CH-2502 Biel\/Bienne T\u00e9l\u00e9phone: 032 323 54 55Courriel: info@buetikofer-sanitaer.ch &nbsp; D\u00e9n\u00e9gation Cette page d\u2019accueil contient des liens (liens) vers d\u2019autres pages Web. Le B\u00fctikofer Sanit\u00e4r SA n\u2019a aucune influence sur leur conception ou leur contenu et n\u2019assume donc aucune responsabilit\u00e9. En particulier, toute responsabilit\u00e9 \u00e0 l\u2019\u00e9gard du contenu est express\u00e9ment rejet\u00e9e, qu\u2019elle soit ill\u00e9gale, immorale ou m\u00eame non adapt\u00e9e \u00e0 l\u2019\u00e2ge. Le visiteur d\u2019un tel site Web, qui est li\u00e9 au site Web du B\u00fctikofer Sanit\u00e4r SA, est enti\u00e8rement responsable de sa visite. &nbsp; Assurance B\u00fctikofer Sanit\u00e4r SA prend toutes les mesures raisonnables pour assurer la fiabilit\u00e9 des informations pr\u00e9sent\u00e9es, mais ne fait aucune d\u00e9claration quant \u00e0 l\u2019exactitude, la fiabilit\u00e9 ou l\u2019exhaustivit\u00e9 des informations contenues sur le site. Le B\u00fctikofer Sanit\u00e4r SA se r\u00e9serve le droit d\u2019apporter des modifications \u00e0 ce site Web sans pr\u00e9avis. &nbsp; &nbsp;","og_url":"https:\/\/buetikofer-sanitaer.ch\/fr\/mentions-legales\/","og_site_name":"B\u00fctikofer Geb\u00e4udetechnik AG - Sanit\u00e4r - Heizung - Spenglerei","article_modified_time":"2023-06-22T08:49:30+00:00","twitter_card":"summary_large_image","twitter_misc":{"Dur\u00e9e de lecture estim\u00e9e":"2 minutes"},"schema":{"@context":"https:\/\/schema.org","@graph":[{"@type":"WebPage","@id":"https:\/\/buetikofer-sanitaer.ch\/fr\/mentions-legales\/","url":"https:\/\/buetikofer-sanitaer.ch\/fr\/mentions-legales\/","name":"Mentions l\u00e9gales - B\u00fctikofer Geb\u00e4udetechnik AG - Sanit\u00e4r - Heizung - Spenglerei","isPartOf":{"@id":"https:\/\/buetikofer-sanitaer.ch\/#website"},"datePublished":"2023-06-22T08:48:04+00:00","dateModified":"2023-06-22T08:49:30+00:00","breadcrumb":{"@id":"https:\/\/buetikofer-sanitaer.ch\/fr\/mentions-legales\/#breadcrumb"},"inLanguage":"fr-FR","potentialAction":[{"@type":"ReadAction","target":["https:\/\/buetikofer-sanitaer.ch\/fr\/mentions-legales\/"]}]},{"@type":"BreadcrumbList","@id":"https:\/\/buetikofer-sanitaer.ch\/fr\/mentions-legales\/#breadcrumb","itemListElement":[{"@type":"ListItem","position":1,"name":"Startseite","item":"https:\/\/buetikofer-sanitaer.ch\/fr\/"},{"@type":"ListItem","position":2,"name":"Mentions l\u00e9gales"}]},{"@type":"WebSite","@id":"https:\/\/buetikofer-sanitaer.ch\/#website","url":"https:\/\/buetikofer-sanitaer.ch\/","name":"B\u00fctikofer Geb\u00e4udetechnik AG - Sanit\u00e4r - Heizung - Spenglerei","description":"Sanit\u00e4r &amp; Spenglerei","potentialAction":[{"@type":"SearchAction","target":{"@type":"EntryPoint","urlTemplate":"https:\/\/buetikofer-sanitaer.ch\/?s={search_term_string}"},"query-input":{"@type":"PropertyValueSpecification","valueRequired":true,"valueName":"search_term_string"}}],"inLanguage":"fr-FR"}]}},"_links":{"self":[{"href":"https:\/\/buetikofer-sanitaer.ch\/fr\/wp-json\/wp\/v2\/pages\/72423","targetHints":{"allow":["GET"]}}],"collection":[{"href":"https:\/\/buetikofer-sanitaer.ch\/fr\/wp-json\/wp\/v2\/pages"}],"about":[{"href":"https:\/\/buetikofer-sanitaer.ch\/fr\/wp-json\/wp\/v2\/types\/page"}],"author":[{"embeddable":true,"href":"https:\/\/buetikofer-sanitaer.ch\/fr\/wp-json\/wp\/v2\/users\/1"}],"replies":[{"embeddable":true,"href":"https:\/\/buetikofer-sanitaer.ch\/fr\/wp-json\/wp\/v2\/comments?post=72423"}],"version-history":[{"count":4,"href":"https:\/\/buetikofer-sanitaer.ch\/fr\/wp-json\/wp\/v2\/pages\/72423\/revisions"}],"predecessor-version":[{"id":72429,"href":"https:\/\/buetikofer-sanitaer.ch\/fr\/wp-json\/wp\/v2\/pages\/72423\/revisions\/72429"}],"wp:attachment":[{"href":"https:\/\/buetikofer-sanitaer.ch\/fr\/wp-json\/wp\/v2\/media?parent=72423"}],"curies":[{"name":"wp","href":"https:\/\/api.w.org\/{rel}","templated":true}]}}